{"id":813,"date":"2013-12-27T13:48:35","date_gmt":"2013-12-27T12:48:35","guid":{"rendered":"http:\/\/www.klvcelle.de\/?page_id=813"},"modified":"2013-12-27T13:48:35","modified_gmt":"2013-12-27T12:48:35","slug":"laeuferabend-in-unterluess","status":"publish","type":"page","link":"https:\/\/www.klvcelle.de\/?page_id=813","title":{"rendered":"L\u00e4uferabend in Unterl\u00fc\u00df"},"content":{"rendered":"\n<!-- iframe plugin v.4.5 wordpress.org\/plugins\/iframe\/ -->\n<iframe loading=\"lazy\" src=\"https:\/\/www.klvcelle.de\/HTML-Wordpress\/Ausschreibungen\/2014\/20141011_Landesoffener_Langstreckenlaeuferabend.pdf\" width=\"100%\" height=\"590\" scrolling=\"yes\" class=\"iframe-class\" frameborder=\"0\"><\/iframe>\n\n","protected":false},"excerpt":{"rendered":"","protected":false},"author":1,"featured_media":0,"parent":0,"menu_order":0,"comment_status":"closed","ping_status":"closed","template":"","meta":{"ngg_post_thumbnail":0,"footnotes":""},"class_list":["post-813","page","type-page","status-publish","hentry"],"_links":{"self":[{"href":"https:\/\/www.klvcelle.de\/index.php?rest_route=\/wp\/v2\/pages\/813","targetHints":{"allow":["GET"]}}],"collection":[{"href":"https:\/\/www.klvcelle.de\/index.php?rest_route=\/wp\/v2\/pages"}],"about":[{"href":"https:\/\/www.klvcelle.de\/index.php?rest_route=\/wp\/v2\/types\/page"}],"author":[{"embeddable":true,"href":"https:\/\/www.klvcelle.de\/index.php?rest_route=\/wp\/v2\/users\/1"}],"replies":[{"embeddable":true,"href":"https:\/\/www.klvcelle.de\/index.php?rest_route=%2Fwp%2Fv2%2Fcomments&post=813"}],"version-history":[{"count":0,"href":"https:\/\/www.klvcelle.de\/index.php?rest_route=\/wp\/v2\/pages\/813\/revisions"}],"wp:attachment":[{"href":"https:\/\/www.klvcelle.de\/index.php?rest_route=%2Fwp%2Fv2%2Fmedia&parent=813"}],"curies":[{"name":"wp","href":"https:\/\/api.w.org\/{rel}","templated":true}]}}