{"id":777,"date":"2013-12-27T11:31:01","date_gmt":"2013-12-27T10:31:01","guid":{"rendered":"http:\/\/www.klvcelle.de\/?page_id=777"},"modified":"2013-12-27T11:58:18","modified_gmt":"2013-12-27T10:58:18","slug":"uebergeordnete-verbaende","status":"publish","type":"page","link":"https:\/\/www.klvcelle.de\/?page_id=777","title":{"rendered":"\u00fcbergeordnete Verb\u00e4nde"},"content":{"rendered":"<p style=\"text-align: center;\">\u00fcbergeordnete Verb\u00e4nde<\/p>\n<p style=\"text-align: left;\"><a href=\"http:\/\/www.bezlbg.de\">NLV Bezirk L\u00fcneburg<\/a><\/p>\n<p style=\"text-align: left;\"><a href=\"http:\/\/www.nlv-la.de\">Nieders\u00e4chsischer Leichtathletik-Verband><\/a><\/p>\n","protected":false},"excerpt":{"rendered":"<p>\u00fcbergeordnete Verb\u00e4nde NLV Bezirk L\u00fcneburg Nieders\u00e4chsischer Leichtathletik-Verband><\/p>\n","protected":false},"author":1,"featured_media":0,"parent":0,"menu_order":0,"comment_status":"closed","ping_status":"closed","template":"","meta":{"ngg_post_thumbnail":0,"footnotes":""},"class_list":["post-777","page","type-page","status-publish","hentry"],"_links":{"self":[{"href":"https:\/\/www.klvcelle.de\/index.php?rest_route=\/wp\/v2\/pages\/777","targetHints":{"allow":["GET"]}}],"collection":[{"href":"https:\/\/www.klvcelle.de\/index.php?rest_route=\/wp\/v2\/pages"}],"about":[{"href":"https:\/\/www.klvcelle.de\/index.php?rest_route=\/wp\/v2\/types\/page"}],"author":[{"embeddable":true,"href":"https:\/\/www.klvcelle.de\/index.php?rest_route=\/wp\/v2\/users\/1"}],"replies":[{"embeddable":true,"href":"https:\/\/www.klvcelle.de\/index.php?rest_route=%2Fwp%2Fv2%2Fcomments&post=777"}],"version-history":[{"count":0,"href":"https:\/\/www.klvcelle.de\/index.php?rest_route=\/wp\/v2\/pages\/777\/revisions"}],"wp:attachment":[{"href":"https:\/\/www.klvcelle.de\/index.php?rest_route=%2Fwp%2Fv2%2Fmedia&parent=777"}],"curies":[{"name":"wp","href":"https:\/\/api.w.org\/{rel}","templated":true}]}}