{"id":694,"date":"2013-12-08T13:53:09","date_gmt":"2013-12-08T12:53:09","guid":{"rendered":"http:\/\/cms.klvcelle.de\/?page_id=694"},"modified":"2014-04-10T14:45:11","modified_gmt":"2014-04-10T12:45:11","slug":"ausschreibungen-2014","status":"publish","type":"page","link":"https:\/\/www.klvcelle.de\/?page_id=694","title":{"rendered":"Ausschreibungen 2014"},"content":{"rendered":"<p style=\"text-align: center;\"><strong>Ausschreibungen 2014<\/strong><\/p>\n<p><a href=\"https:\/\/www.klvcelle.de\/?page_id=707\">18.01.2014 Kreismeisterschaften Cross- und Waldlauf in Bergen<\/a><br \/>\n<a href=\"https:\/\/www.klvcelle.de\/?page_id=699\">22.02.2014 Hallenmannschaftstrainingswettkampf: \u201eFun in Athletics\u201c in Nienhagen<\/a><br \/>\n<a href=\"https:\/\/www.klvcelle.de\/?page_id=797\">17.05.2014 Mittelstreckenabend in Unterl\u00fc\u00df<\/a><br \/>\n<a href=\"https:\/\/www.klvcelle.de\/?page_id=799\">29.05.2014 Stabhoch \/ Sprintcup in Nienhagen <\/a><br \/>\n<a href=\"https:\/\/www.klvcelle.de\/?page_id=801\">05.07.2014 Sch\u00fclermehrkampf in Lachendorf <\/a><br \/>\n<a href=\"https:\/\/www.klvcelle.de\/?page_id=803\">26.07.2014 Einzelmeisterschaften in Celle<\/a><br \/>\n<a href=\"https:\/\/www.klvcelle.de\/?page_id=805\">30.07.2014 600m Hindernis in Nienhagen<\/a><br \/>\n<a href=\"https:\/\/www.klvcelle.de\/?page_id=807\">06.08.2014 Landesoffenes Abendsportfest mit integrierten Kreismeisterschaften <\/a><br \/>\n<a href=\"https:\/\/www.klvcelle.de\/?page_id=809\">20.09.2014 Herbstsportfest in Celle <\/a><br \/>\n<a href=\"https:\/\/www.klvcelle.de\/?page_id=811\">28.09.2014 Kreisvergleich Heide in Nienhagen<\/a><br \/>\n<a href=\"https:\/\/www.klvcelle.de\/?page_id=813\">11.10.2014 L\u00e4uferabend in Unterl\u00fc\u00df<\/a><\/p>\n","protected":false},"excerpt":{"rendered":"<p>Ausschreibungen 2014 18.01.2014 Kreismeisterschaften Cross- und Waldlauf in Bergen 22.02.2014 Hallenmannschaftstrainingswettkampf: \u201eFun in Athletics\u201c in Nienhagen 17.05.2014 Mittelstreckenabend in Unterl\u00fc\u00df 29.05.2014 Stabhoch \/ Sprintcup in Nienhagen 05.07.2014 Sch\u00fclermehrkampf in Lachendorf 26.07.2014 Einzelmeisterschaften in Celle 30.07.2014 600m Hindernis in Nienhagen 06.08.2014 &hellip; <a href=\"https:\/\/www.klvcelle.de\/?page_id=694\">Continue reading <span class=\"meta-nav\">&rarr;<\/span><\/a><\/p>\n","protected":false},"author":1,"featured_media":0,"parent":0,"menu_order":0,"comment_status":"closed","ping_status":"closed","template":"","meta":{"ngg_post_thumbnail":0,"footnotes":""},"class_list":["post-694","page","type-page","status-publish","hentry"],"_links":{"self":[{"href":"https:\/\/www.klvcelle.de\/index.php?rest_route=\/wp\/v2\/pages\/694","targetHints":{"allow":["GET"]}}],"collection":[{"href":"https:\/\/www.klvcelle.de\/index.php?rest_route=\/wp\/v2\/pages"}],"about":[{"href":"https:\/\/www.klvcelle.de\/index.php?rest_route=\/wp\/v2\/types\/page"}],"author":[{"embeddable":true,"href":"https:\/\/www.klvcelle.de\/index.php?rest_route=\/wp\/v2\/users\/1"}],"replies":[{"embeddable":true,"href":"https:\/\/www.klvcelle.de\/index.php?rest_route=%2Fwp%2Fv2%2Fcomments&post=694"}],"version-history":[{"count":0,"href":"https:\/\/www.klvcelle.de\/index.php?rest_route=\/wp\/v2\/pages\/694\/revisions"}],"wp:attachment":[{"href":"https:\/\/www.klvcelle.de\/index.php?rest_route=%2Fwp%2Fv2%2Fmedia&parent=694"}],"curies":[{"name":"wp","href":"https:\/\/api.w.org\/{rel}","templated":true}]}}