{"id":2406,"date":"2019-12-29T14:24:51","date_gmt":"2019-12-29T13:24:51","guid":{"rendered":"http:\/\/www.klvcelle.de\/?page_id=2406"},"modified":"2019-12-29T14:30:46","modified_gmt":"2019-12-29T13:30:46","slug":"ausschreibungen-2019-2","status":"publish","type":"page","link":"https:\/\/www.klvcelle.de\/?page_id=2406","title":{"rendered":"Ausschreibungen 2020"},"content":{"rendered":"<p style=\"text-align: center;\">Ausschreibungen 2019<\/p>\n<p><span style=\"font-family: 'Arial',sans-serif; color: black;\"><a href=\"https:\/\/www.klvcelle.de\/HTML-Wordpress\/Ausschreibungen\/2020\/20200111_Ausschreibung_Crosslauf_mit_KM_in_Bergen.pdf\" target=\"_blank\" rel=\"noopener noreferrer\">11.01.2020 KM Cross in Bergen<\/a><br \/>\n<\/span><span style=\"font-family: 'Arial',sans-serif; color: black;\">09.05.2020 Laufmeeting KM u. BM 800m\/1.500m\/3000m in Unterl\u00fc\u00df<br \/>\n<\/span><span style=\"font-family: 'Arial',sans-serif; color: black;\">20.05.2020 Sprintcup (bis U14) in Nienhagen<br \/>\n<\/span><span style=\"font-family: 'Arial',sans-serif; color: black;\">21.05.2020 Sprintcup (ab U16 u. \u00e4lter) und Stabhochsprungtag in Nienhagen<br \/>\n<\/span><span style=\"font-family: 'Arial',sans-serif; color: black;\">20.06.2020 KM Einzel U10 bis U18 in Celle<br \/>\n<\/span><span style=\"font-family: 'Arial',sans-serif; color: black;\">04.07.2020 KM Mehrkampf U16 und j\u00fcnger in Unterl\u00fc\u00df<br \/>\n<\/span><span style=\"font-family: 'Arial',sans-serif; color: black;\">09.07.2020 Schulbestenwettk\u00e4mpfe in Nienhagen<br \/>\n<\/span><span style=\"font-family: 'Arial',sans-serif; color: black;\">15.07.2020 Hindernislauf bis U16 in Nienhagen<br \/>\n<\/span><span style=\"font-family: 'Arial',sans-serif; color: black;\">12.09.2020 Kreisvergleichswettkampf und BM 10.000m in Nienhagen<br \/>\n<\/span><span style=\"font-family: 'Arial',sans-serif; color: black;\">19.09.2010 Herbstsportfest U16 u. j\u00fcnger in Celle<\/span><\/p>\n<p>&nbsp;<\/p>\n","protected":false},"excerpt":{"rendered":"<p>Ausschreibungen 2019 11.01.2020 KM Cross in Bergen 09.05.2020 Laufmeeting KM u. BM 800m\/1.500m\/3000m in Unterl\u00fc\u00df 20.05.2020 Sprintcup (bis U14) in Nienhagen 21.05.2020 Sprintcup (ab U16 u. \u00e4lter) und Stabhochsprungtag in Nienhagen 20.06.2020 KM Einzel U10 bis U18 in Celle 04.07.2020 &hellip; <a href=\"https:\/\/www.klvcelle.de\/?page_id=2406\">Continue reading <span class=\"meta-nav\">&rarr;<\/span><\/a><\/p>\n","protected":false},"author":1,"featured_media":0,"parent":0,"menu_order":0,"comment_status":"closed","ping_status":"closed","template":"","meta":{"ngg_post_thumbnail":0,"footnotes":""},"class_list":["post-2406","page","type-page","status-publish","hentry"],"_links":{"self":[{"href":"https:\/\/www.klvcelle.de\/index.php?rest_route=\/wp\/v2\/pages\/2406","targetHints":{"allow":["GET"]}}],"collection":[{"href":"https:\/\/www.klvcelle.de\/index.php?rest_route=\/wp\/v2\/pages"}],"about":[{"href":"https:\/\/www.klvcelle.de\/index.php?rest_route=\/wp\/v2\/types\/page"}],"author":[{"embeddable":true,"href":"https:\/\/www.klvcelle.de\/index.php?rest_route=\/wp\/v2\/users\/1"}],"replies":[{"embeddable":true,"href":"https:\/\/www.klvcelle.de\/index.php?rest_route=%2Fwp%2Fv2%2Fcomments&post=2406"}],"version-history":[{"count":4,"href":"https:\/\/www.klvcelle.de\/index.php?rest_route=\/wp\/v2\/pages\/2406\/revisions"}],"predecessor-version":[{"id":2411,"href":"https:\/\/www.klvcelle.de\/index.php?rest_route=\/wp\/v2\/pages\/2406\/revisions\/2411"}],"wp:attachment":[{"href":"https:\/\/www.klvcelle.de\/index.php?rest_route=%2Fwp%2Fv2%2Fmedia&parent=2406"}],"curies":[{"name":"wp","href":"https:\/\/api.w.org\/{rel}","templated":true}]}}