{"id":2249,"date":"2018-01-28T17:38:42","date_gmt":"2018-01-28T16:38:42","guid":{"rendered":"http:\/\/www.klvcelle.de\/?page_id=2249"},"modified":"2018-10-23T12:21:01","modified_gmt":"2018-10-23T10:21:01","slug":"veranstaltungsergebnisse-2018","status":"publish","type":"page","link":"https:\/\/www.klvcelle.de\/?page_id=2249","title":{"rendered":"Veranstaltungsergebnisse 2018"},"content":{"rendered":"<p><a href=\"https:\/\/www.klvcelle.de\/HTML-Wordpress\/Ergebnisse\/2018\/20182701_Ergebnisse_KM_Cross_Mueden.htm\" target=\"_blank\">27.01. Gesamtergebnisse KM Cross in M\u00fcden\/\u00d6rtze<\/a><br \/>\n<a href=\"https:\/\/www.klvcelle.de\/HTML-Wordpress\/Ergebnisse\/2018\/20182701_Ergebenisse_Gesamt_Cross_Mueden.htm\" target=\"_blank\">27.01. Gesamtergebnisse Cross in M\u00fcden\/\u00d6rtze offene Wertung<\/a><br \/>\n<a href=\"https:\/\/www.klvcelle.de\/HTML-Wordpress\/Ergebnisse\/2018\/20180509_ergebnis_stab_sprint_nienhagen.htm\" target=\"_blank\">09-10.05. 9. Landesoffener Sprintcup und Stabhochsprungtag in Nienhagen<\/a><br \/>\n<a href=\"https:\/\/www.klvcelle.de\/HTML-Wordpress\/Ergebnisse\/2018\/20180513_Ergebnis_Laufmeeting_Unterluess.htm\" target=\"_blank\">13.05. Landesoffenes Laufmeeting in Unterl\u00fc\u00df<\/a><br \/>\n<a href=\"https:\/\/www.klvcelle.de\/HTML-Wordpress\/Ergebnisse\/2018\/20180602__KM_Ergebnis.htm\" target=\"_blank\">02.06. Kreismeisterschaft in Celle<\/a><br \/>\n<a href=\"https:\/\/www.klvcelle.de\/HTML-Wordpress\/Ergebnisse\/2018\/20180621_Ergebnis_BWK_Celle.htm\" target=\"_blank\">21.06. Bestenwettk\u00e4mpfe der Schulen im Kreis Celle<\/a><br \/>\n<a href=\"https:\/\/www.klvcelle.de\/HTML-Wordpress\/Ergebnisse\/2018\/20180627_Ergebnisse_Hindernis_Nienhagen.htm\" target=\"_blank\">27.06. 12. School&#8217;s out landesoffener Hindernislauf in Nienhagen<\/a><br \/>\n<a href=\"https:\/\/www.klvcelle.de\/HTML-Wordpress\/Ergebnisse\/2018\/20180825_Ergebisliste_KM_Mehrkampf.htm\" target=\"_blank\">25.08. RO KM Mehrkampf U10-U16 in Nienhagen<\/a><br \/>\n<a href=\"https:\/\/www.klvcelle.de\/HTML-Wordpress\/Ergebnisse\/2018\/20180825_Nienhagen-Gesamtergebnisliste.htm\" target=\"_blank\">25.08. RO Mehrkampf U10-U16 in Nienhagen Gesamtergebnisliste <\/a><br \/>\n<a href=\"https:\/\/www.klvcelle.de\/HTML-Wordpress\/Ergebnisse\/2018\/20181509_Ergebnisse_Langsteckenmeeting_Unterluess.htm\" target=\"_blank\">15.09. Landesoffenes Langstreckenmeeting in Unterl\u00fc\u00df <\/a><\/p>\n","protected":false},"excerpt":{"rendered":"<p>27.01. Gesamtergebnisse KM Cross in M\u00fcden\/\u00d6rtze 27.01. Gesamtergebnisse Cross in M\u00fcden\/\u00d6rtze offene Wertung 09-10.05. 9. Landesoffener Sprintcup und Stabhochsprungtag in Nienhagen 13.05. Landesoffenes Laufmeeting in Unterl\u00fc\u00df 02.06. Kreismeisterschaft in Celle 21.06. Bestenwettk\u00e4mpfe der Schulen im Kreis Celle 27.06. 12. School&#8217;s &hellip; <a href=\"https:\/\/www.klvcelle.de\/?page_id=2249\">Continue reading <span class=\"meta-nav\">&rarr;<\/span><\/a><\/p>\n","protected":false},"author":1,"featured_media":0,"parent":0,"menu_order":0,"comment_status":"closed","ping_status":"closed","template":"","meta":{"ngg_post_thumbnail":0,"footnotes":""},"class_list":["post-2249","page","type-page","status-publish","hentry"],"_links":{"self":[{"href":"https:\/\/www.klvcelle.de\/index.php?rest_route=\/wp\/v2\/pages\/2249","targetHints":{"allow":["GET"]}}],"collection":[{"href":"https:\/\/www.klvcelle.de\/index.php?rest_route=\/wp\/v2\/pages"}],"about":[{"href":"https:\/\/www.klvcelle.de\/index.php?rest_route=\/wp\/v2\/types\/page"}],"author":[{"embeddable":true,"href":"https:\/\/www.klvcelle.de\/index.php?rest_route=\/wp\/v2\/users\/1"}],"replies":[{"embeddable":true,"href":"https:\/\/www.klvcelle.de\/index.php?rest_route=%2Fwp%2Fv2%2Fcomments&post=2249"}],"version-history":[{"count":10,"href":"https:\/\/www.klvcelle.de\/index.php?rest_route=\/wp\/v2\/pages\/2249\/revisions"}],"predecessor-version":[{"id":2342,"href":"https:\/\/www.klvcelle.de\/index.php?rest_route=\/wp\/v2\/pages\/2249\/revisions\/2342"}],"wp:attachment":[{"href":"https:\/\/www.klvcelle.de\/index.php?rest_route=%2Fwp%2Fv2%2Fmedia&parent=2249"}],"curies":[{"name":"wp","href":"https:\/\/api.w.org\/{rel}","templated":true}]}}