{"id":2053,"date":"2016-12-22T18:09:33","date_gmt":"2016-12-22T17:09:33","guid":{"rendered":"http:\/\/www.klvcelle.de\/?page_id=2053"},"modified":"2017-08-13T19:17:13","modified_gmt":"2017-08-13T17:17:13","slug":"ausschreibungen-2017","status":"publish","type":"page","link":"https:\/\/www.klvcelle.de\/?page_id=2053","title":{"rendered":"Ausschreibungen 2017"},"content":{"rendered":"<p style=\"text-align: center;\"><strong>Ausschreibungen 2017<\/strong><\/p>\n<p><a href=\"https:\/\/www.klvcelle.de\/HTML-Wordpress\/Ausschreibungen\/2017\/Ausschreibung_Crosslauf_mit_KM_Wohlde.pdf\" target=\"_blank\">14.01. Crosslauf mit KM in Wohlde\/Bergen<\/a><br \/>\n<a href=\"https:\/\/www.klvcelle.de\" target=\"blank\">29.01. KLV-Kennenlerntraining in Unterl\u00fc\u00df<\/a><br \/>\n<a href=\"http:\/\/www.nlv-la.de\/admin\/upload\/files\/03LM_Cross.pdf\" target=\"_blank\">12.02. LM Crosslauf in Bergen<\/a><br \/>\n<a href=\"https:\/\/www.klvcelle.de\/HTML-Wordpress\/Ausschreibungen\/2017\/20170215_Ausschreibung_fun_in_athletics.pdf\" target=\"_blank\">15.02. Fun and Athletics in Nienhagen<\/a><br \/>\n<a href=\"https:\/\/www.klvcelle.de\" target=\"blank\">17.02. Verbandstag KLV Celle in Fa\u00dfberg<\/a><br \/>\n<a href=\"https:\/\/www.klvcelle.de\" target=\"blank\">19.02. KLV-Kennenlerntraining in Bergen<\/a><br \/>\n<a href=\"http:\/\/www.celler-wasa-lauf.de\" target=\"_blank\">12.03. 35.Celler Wasa-Lauf <\/a><br \/>\n<a href=\"https:\/\/www.klvcelle.de\/HTML-Wordpress\/Ausschreibungen\/2017\/06.05. Laufmeeting_KM_BM_Unterluess.pdf\" target=\"_blank\">06.05. Laufmeeting mit KM\/BM in Unterl\u00fc\u00df<\/a><br \/>\n<a href=\"https:\/\/www.klvcelle.de\/HTML-Wordpress\/Ausschreibungen\/2017\/06.05.BM_Unterluess.pdf\" target=\"_blank\">Ausschreibung BM<\/a><br \/>\n<a href=\"http:\/\/www.tusbergen.de\/abteilungen\/leichathletik\/sparkassenlauf\/\" target=\"_blank\">07.05. 28.Sparkassenlauf in Bergen <\/a><br \/>\n<a href=\"http:\/\/www.tus-hermannsburg.de\/index.php?option=com_content&amp;view=category&amp;layout=blog&amp;id=81&amp;Itemid=95\" target=\"_blank\">14.05. 30.S\u00fcdheidevolkslauf in Hermannsburg<\/a><br \/>\n<a href=\"https:\/\/www.klvcelle.de\/HTML-Wordpress\/Ausschreibungen\/2017\/17-05-24-sprint_klein.pdf\" target=\"_blank\">24.05. Sprintcup (Klein) in Nienhagen<\/a><br \/>\n<a href=\"https:\/\/www.klvcelle.de\/HTML-Wordpress\/Ausschreibungen\/2017\/17-05-25-sprint_stab.pdf\" target=\"_blank\">25.05. Stabhoch\/Sprintcup (Gro\u00df) in Nienhagen<\/a><br \/>\n<a href=\"https:\/\/www.klvcelle.de\/HTML-Wordpress\/Ausschreibungen\/2017\/20170614_Ausschreibung_Bestenwettkaempfe_Celle.pdf\" target=\"_blank\">14.06. Bestenwettk\u00e4mpfe Celler Schulen in Celle<\/a><br \/>\n<a href=\"https:\/\/www.klvcelle.de\/HTML-Wordpress\/Ausschreibungen\/2017\/17-06-14-hindernis.pdf\" target=\"_blank\">14.06. 600m Sch\u00fcler-Hindernisl\u00e4ufe in Nienhagen<\/a><br \/>\n17.\/18.06. LM+NDM Senioren ab M\/W30 in Celle<br \/>\n<a href=\"http:\/\/www.nlv-la.de\/admin\/upload\/files\/11LM_Einzel_Senioren.pdf\" target=\"_blank\">Ausschreibung LM<\/a><br \/>\n<a href=\"http:\/\/ndm-la.de\/ndm-2017\/ndm-senioren\/\" target=\"_blank\">Ausschreibung NDM<\/a><br \/>\n<a href=\"https:\/\/www.klvcelle.de\/HTML-Wordpress\/Ausschreibungen\/2017\/17-08-19-km_bm_u14_16.pdf\" target=\"_blank\">19.08. BM Mehrkampf U14\/U16 mit KM >=U8 in Nienhagen<\/a><br \/>\n<a href=\"https:\/\/www.klvcelle.de\/HTML-Wordpress\/Ausschreibungen\/2017\/17-08-19-km_u10_12.pdf\" target=\"_blank\">19.08. KM Mehrkampf U10\/U12 in Nienhagen<\/a><br \/>\n<a href=\"https:\/\/www.klvcelle.de\/HTML-Wordpress\/Ausschreibungen\/2017\/20170826_KM_Einzel_Celle.pdf\" target=\"_blank\">26.08. Einzelwettbewerbe U10-U100 mit KM in Celle<\/a><br \/>\n<a href=\"http:\/\/www.bezlbg.de\/bm\/0910heide.pdf\" target=\"_blank\">17.09. Kreisvergleich \u201cHeide\u201c in L\u00fcchow<\/a><br \/>\n<a href=\"https:\/\/www.klvcelle.de\/HTML-Wordpress\/Ausschreibungen\/2017\/20170923_Herbstsportfest_Celle.pdf\">23.09. Herbstsportfest f\u00fcr Kinder < =U16 in Celle<\/a><br \/>\n<\/a><a href=\"https:\/\/www.klvcelle.de\/HTML-Wordpress\/Ausschreibungen\/2017\/22.10.Laeuferabend_mit_KM_in_Unterluess.pdf\" target=\"_blank\">22.10. L\u00e4uferabend mit KM in Unterl\u00fc\u00df <\/a><br \/>\n<a href=\"https:\/\/www.klvcelle.de\" target=\"_blank\">31.12. 38.Silvesterlauf in Winsen\/Aller <\/a><\/p>\n","protected":false},"excerpt":{"rendered":"<p>Ausschreibungen 2017 14.01. Crosslauf mit KM in Wohlde\/Bergen 29.01. KLV-Kennenlerntraining in Unterl\u00fc\u00df 12.02. LM Crosslauf in Bergen 15.02. Fun and Athletics in Nienhagen 17.02. Verbandstag KLV Celle in Fa\u00dfberg 19.02. KLV-Kennenlerntraining in Bergen 12.03. 35.Celler Wasa-Lauf 06.05. Laufmeeting mit KM\/BM &hellip; <a href=\"https:\/\/www.klvcelle.de\/?page_id=2053\">Continue reading <span class=\"meta-nav\">&rarr;<\/span><\/a><\/p>\n","protected":false},"author":1,"featured_media":0,"parent":0,"menu_order":0,"comment_status":"closed","ping_status":"closed","template":"","meta":{"ngg_post_thumbnail":0,"footnotes":""},"class_list":["post-2053","page","type-page","status-publish","hentry"],"_links":{"self":[{"href":"https:\/\/www.klvcelle.de\/index.php?rest_route=\/wp\/v2\/pages\/2053","targetHints":{"allow":["GET"]}}],"collection":[{"href":"https:\/\/www.klvcelle.de\/index.php?rest_route=\/wp\/v2\/pages"}],"about":[{"href":"https:\/\/www.klvcelle.de\/index.php?rest_route=\/wp\/v2\/types\/page"}],"author":[{"embeddable":true,"href":"https:\/\/www.klvcelle.de\/index.php?rest_route=\/wp\/v2\/users\/1"}],"replies":[{"embeddable":true,"href":"https:\/\/www.klvcelle.de\/index.php?rest_route=%2Fwp%2Fv2%2Fcomments&post=2053"}],"version-history":[{"count":19,"href":"https:\/\/www.klvcelle.de\/index.php?rest_route=\/wp\/v2\/pages\/2053\/revisions"}],"predecessor-version":[{"id":2207,"href":"https:\/\/www.klvcelle.de\/index.php?rest_route=\/wp\/v2\/pages\/2053\/revisions\/2207"}],"wp:attachment":[{"href":"https:\/\/www.klvcelle.de\/index.php?rest_route=%2Fwp%2Fv2%2Fmedia&parent=2053"}],"curies":[{"name":"wp","href":"https:\/\/api.w.org\/{rel}","templated":true}]}}