{"id":1876,"date":"2015-12-04T14:59:53","date_gmt":"2015-12-04T13:59:53","guid":{"rendered":"http:\/\/www.klvcelle.de\/?page_id=1876"},"modified":"2016-05-12T20:17:56","modified_gmt":"2016-05-12T18:17:56","slug":"ausschreibungen-2016","status":"publish","type":"page","link":"https:\/\/www.klvcelle.de\/?page_id=1876","title":{"rendered":"Ausschreibungen 2016"},"content":{"rendered":"<p style=\"text-align: center;\"><strong>Ausschreibungen 2016<\/strong><\/p>\n<p><a href=\"https:\/\/www.klvcelle.de\/HTML-Wordpress\/Ausschreibungen\/2016\/Ausschreibung_KM_Cross_2016.pdf\" target=\"_blank\">17.01. Kreismeisterschaften Cross in Bergen<\/a><br \/>\n<a href=\"https:\/\/www.klvcelle.de\/HTML-Wordpress\/Ausschreibungen\/2016\/20160127_fun_in_athletics_Nienhagen.pdf\" target=\"_blank\">27.01. Fun and Athletics in Nienhagen<\/a><br \/>\n<a href=\"https:\/\/www.bergen-online.de\/68-0-Stadthaus.html\" target=\"blank\">12.02. Verbandstag KLV Celle in Bergen<\/a><br \/>\n<a href=\"http:\/\/www.celler-wasa-lauf.de\" target=\"_blank\">13.03. 34.Celler Wasa-Lauf <\/a><br \/>\n<a href=\"http:\/\/www.tusbergen.de\/abteilungen\/leichathletik\/sparkassenlauf\/\" target=\"_blank\">24.04. 28.Sparkassenlauf in Bergen <\/a><br \/>\n<a href=\"https:\/\/www.klvcelle.de\/HTML-Wordpress\/Ausschreibungen\/2016\/20160430_Laufmeeting_mit_KM_Unterluess.pdf\" target=\"_blank\">30.04. Mittelstreckenabend mit KM in Unterl\u00fc\u00df<\/a><br \/>\n<a href=\"http:\/\/www.tus-hermannsburg.de\/index.php?option=com_content&amp;view=category&amp;layout=blog&amp;id=81&amp;Itemid=95\" target=\"_blank\">01.05. 29.S\u00fcdheidevolkslauf in Hermannsburg<\/a><br \/>\n<a href=\"https:\/\/www.klvcelle.de\/HTML-Wordpress\/Ausschreibungen\/2016\/20160505_7.Sprintcup_Stabhochsprungcup_Nienhagen.pdf\" target=\"_blank\">05.05. Stabhoch\/Sprintcup mit KM in Nienhagen<\/a><br \/>\n<a href=\"https:\/\/www.klvcelle.de\/HTML-Wordpress\/Ausschreibungen\/2016\/20160507_DM-10000_in_Celle.pdf\" target=\"_blank\">07.05. Deutsche Meisterschaften 10000m<\/a><br \/>\n<a href=\"https:\/\/www.klvcelle.de\/HTML-Wordpress\/Ausschreibungen\/2016\/20160507_LM_4x400_MF_in_Celle.pdf\" target=\"_blank\">\u00a0\u00a0\u00a0\u00a0\u00a0\u00a0\u00a0\u00a0\u00a0\u00a0\u00a0\u00a0 und Landesmeisterschaften 4 x 400m in Celle<\/a><br \/>\n<a href=\"https:\/\/www.klvcelle.de\/HTML-Wordpress\/Ausschreibungen\/2016\/20160612_KM_Einzel_in_Celle.pdf\" target=\"_blank\">12.06. Einzelwettbew. U10- U100 mit KM in Celle<\/a><br \/>\n<a href=\"https:\/\/www.klvcelle.de\/HTML-Wordpress\/Ausschreibungen\/2016\/20160612_Zeitplan_KM-Einzel.pdf\" target=\"_blank\">\u00a0\u00a0\u00a0\u00a0\u00a0\u00a0\u00a0\u00a0\u00a0\u00a0\u00a0\u00a0 Zeitplan<\/a><br \/>\n<a href=\"https:\/\/www.klvcelle.de\/HTML-Wordpress\/Ausschreibungen\/2016\/20160615_Ausschreibung_Bestenwettkaempfe_Celle.pdf\" target=\"_blank\">15.06. Bestenwettk\u00e4mpfe Celler Schulen in Celle<\/a><br \/>\n<a href=\"https:\/\/www.klvcelle.de\/HTML-Wordpress\/Ausschreibungen\/2016\/20160615_10.Schools_out_landesoffene_600m_Hindernislaeufe_MW6-15.pdf\" target=\"_blank\">15.06. 10. \u201eSchool\u00b4s out\u201c 600m Hindernisl\u00e4ufe M\/W 6-15<\/a><br \/>\n<a href=\"http:\/\/www.bezlbg.de\/bm\/0813-14mk16-14.pdf\" target=\"_blank\">13.\/14.8. Mehrkampf BM U14\/U16 in Lachendorf<\/a><br \/>\n<a href=\"https:\/\/www.klvcelle.de\/HTML-Wordpress\/Ausschreibungen\/2016\/20160903_KM_im_3-und_4-Kampf_U10-U16_in_Nienhagen.pdf\" target=\"_blank\">03.09. Mehrkampf U10-U16 mit KM in Nienhagen<\/a><br \/>\n<a href=\"http:\/\/www.bezlbg.de\/bm\/0910heide.pdf\" target=\"_blank\">10.09. Kreisvergleich \u201cHeide\u201c in Bad Bevensen<\/a><br \/>\n<a href=\"https:\/\/www.klvcelle.de\/HTML-Wordpress\/Ausschreibungen\/2016\/20160916_BM_KM_Laeuferabend_in_Unterluess.pdf\" target=\"_blank\">16.09. L\u00e4uferabend mit BM+KM in Unterl\u00fc\u00df <\/a><br \/>\n<a href=\"https:\/\/www.klvcelle.de\/?page_id=1876\">24.09. Herbstsportfest U12-U16 in Celle<\/a><br \/>\n<a href=\"https:\/\/www.klvcelle.de\/?page_id=1876\">05.11. Verbandstag Bez-Lbg in Bergen<\/a><br \/>\n<a href=\"https:\/\/www.klvcelle.de\/HTML-Wordpress\/Ausschreibungen\/2016\/20161126_LA-Adventssportfest2016.pdf\" target=\"_blank\">26.11. Advents-Hallensportfest in Bergen<\/a><br \/>\n<a href=\"https:\/\/www.klvcelle.de\/?page_id=1876\">31.12. 37.Silvesterlauf in Winsen\/Aller <\/a><\/p>\n","protected":false},"excerpt":{"rendered":"<p>Ausschreibungen 2016 17.01. Kreismeisterschaften Cross in Bergen 27.01. Fun and Athletics in Nienhagen 12.02. Verbandstag KLV Celle in Bergen 13.03. 34.Celler Wasa-Lauf 24.04. 28.Sparkassenlauf in Bergen 30.04. Mittelstreckenabend mit KM in Unterl\u00fc\u00df 01.05. 29.S\u00fcdheidevolkslauf in Hermannsburg 05.05. Stabhoch\/Sprintcup mit KM &hellip; <a href=\"https:\/\/www.klvcelle.de\/?page_id=1876\">Continue reading <span class=\"meta-nav\">&rarr;<\/span><\/a><\/p>\n","protected":false},"author":1,"featured_media":0,"parent":0,"menu_order":0,"comment_status":"closed","ping_status":"closed","template":"","meta":{"ngg_post_thumbnail":0,"footnotes":""},"class_list":["post-1876","page","type-page","status-publish","hentry"],"_links":{"self":[{"href":"https:\/\/www.klvcelle.de\/index.php?rest_route=\/wp\/v2\/pages\/1876","targetHints":{"allow":["GET"]}}],"collection":[{"href":"https:\/\/www.klvcelle.de\/index.php?rest_route=\/wp\/v2\/pages"}],"about":[{"href":"https:\/\/www.klvcelle.de\/index.php?rest_route=\/wp\/v2\/types\/page"}],"author":[{"embeddable":true,"href":"https:\/\/www.klvcelle.de\/index.php?rest_route=\/wp\/v2\/users\/1"}],"replies":[{"embeddable":true,"href":"https:\/\/www.klvcelle.de\/index.php?rest_route=%2Fwp%2Fv2%2Fcomments&post=1876"}],"version-history":[{"count":30,"href":"https:\/\/www.klvcelle.de\/index.php?rest_route=\/wp\/v2\/pages\/1876\/revisions"}],"predecessor-version":[{"id":1990,"href":"https:\/\/www.klvcelle.de\/index.php?rest_route=\/wp\/v2\/pages\/1876\/revisions\/1990"}],"wp:attachment":[{"href":"https:\/\/www.klvcelle.de\/index.php?rest_route=%2Fwp%2Fv2%2Fmedia&parent=1876"}],"curies":[{"name":"wp","href":"https:\/\/api.w.org\/{rel}","templated":true}]}}