{"id":1870,"date":"2015-10-16T12:11:24","date_gmt":"2015-10-16T10:11:24","guid":{"rendered":"http:\/\/www.klvcelle.de\/?page_id=1870"},"modified":"2015-10-16T12:15:44","modified_gmt":"2015-10-16T10:15:44","slug":"10-10-2015-landesoffener-langstreckenlaeuferabend-mit-km-und-bm-10-000-m-in-unterluess","status":"publish","type":"page","link":"https:\/\/www.klvcelle.de\/?page_id=1870","title":{"rendered":"10.10.2015 Landesoffener Langstreckenl\u00e4uferabend mit KM und BM 10.000 m in Unterl\u00fc\u00df"},"content":{"rendered":"\n<!-- iframe plugin v.4.5 wordpress.org\/plugins\/iframe\/ -->\n<iframe loading=\"lazy\" src=\"https:\/\/www.klvcelle.de\/HTML-Wordpress\/Ergebnisse\/2015\/151010_KM_Langstrecke_Unterluess.htm\" width=\"100%\" height=\"670\" scrolling=\"yes\" class=\"iframe-class\" frameborder=\"0\"><\/iframe>\n\n","protected":false},"excerpt":{"rendered":"","protected":false},"author":1,"featured_media":0,"parent":0,"menu_order":0,"comment_status":"closed","ping_status":"closed","template":"","meta":{"ngg_post_thumbnail":0,"footnotes":""},"class_list":["post-1870","page","type-page","status-publish","hentry"],"_links":{"self":[{"href":"https:\/\/www.klvcelle.de\/index.php?rest_route=\/wp\/v2\/pages\/1870","targetHints":{"allow":["GET"]}}],"collection":[{"href":"https:\/\/www.klvcelle.de\/index.php?rest_route=\/wp\/v2\/pages"}],"about":[{"href":"https:\/\/www.klvcelle.de\/index.php?rest_route=\/wp\/v2\/types\/page"}],"author":[{"embeddable":true,"href":"https:\/\/www.klvcelle.de\/index.php?rest_route=\/wp\/v2\/users\/1"}],"replies":[{"embeddable":true,"href":"https:\/\/www.klvcelle.de\/index.php?rest_route=%2Fwp%2Fv2%2Fcomments&post=1870"}],"version-history":[{"count":2,"href":"https:\/\/www.klvcelle.de\/index.php?rest_route=\/wp\/v2\/pages\/1870\/revisions"}],"predecessor-version":[{"id":1873,"href":"https:\/\/www.klvcelle.de\/index.php?rest_route=\/wp\/v2\/pages\/1870\/revisions\/1873"}],"wp:attachment":[{"href":"https:\/\/www.klvcelle.de\/index.php?rest_route=%2Fwp%2Fv2%2Fmedia&parent=1870"}],"curies":[{"name":"wp","href":"https:\/\/api.w.org\/{rel}","templated":true}]}}