{"id":1482,"date":"2015-01-23T13:48:21","date_gmt":"2015-01-23T12:48:21","guid":{"rendered":"http:\/\/www.klvcelle.de\/?page_id=1482"},"modified":"2016-01-02T14:08:47","modified_gmt":"2016-01-02T13:08:47","slug":"veranstaltungsergebnisse-2015","status":"publish","type":"page","link":"https:\/\/www.klvcelle.de\/?page_id=1482","title":{"rendered":"Veranstaltungsergebnisse 2015"},"content":{"rendered":"<p><a href=\"https:\/\/www.klvcelle.de\/?page_id=1506\">31.01.2015 Cross am Schlo\u00df mit Kreismeisterschaften Cross-und Waldlauf<\/a><br \/>\n<a href=\"https:\/\/www.klvcelle.de\/?page_id=1704\">09.05.2015 Landesoffenes Laufmeeting mit KM in Unterl\u00fc\u00df<\/a><br \/>\n<a href=\"https:\/\/www.klvcelle.de\/?page_id=1737\">14.05.2015 6. Landesoffener Sprintcup und Stabhochsprungtag in Nienhagen<\/a><br \/>\n<a href=\"https:\/\/www.klvcelle.de\/?page_id=1732\">30.05.2015 Kreismeisterschaften Einzel U12\/U10 Otto-Schade-Sportanlage in Celle<\/a><br \/>\n<a href=\"https:\/\/www.klvcelle.de\/?page_id=1741\">14.06.2015 Kreismeisterschaften Jugend U16\/U14 in Nienhagen<\/a><br \/>\n<a href=\"https:\/\/www.klvcelle.de\/?page_id=1739\">14.06.2015 Bezirksmeisterschaften Jugend U16\/U14 in Nienhagen<\/a><br \/>\n<a href=\"https:\/\/www.klvcelle.de\/?page_id=1811\">27.06.2015 Landesoffene Kreismeisterschaften im Mehrkampf Jugend U16-U10 in Lachendorf<\/a><br \/>\n<a href=\"https:\/\/www.klvcelle.de\/?page_id=1826\">15.07.2015 Bestenwettk\u00e4mpfe der Schulen im Kreis Celle<\/a><br \/>\n<a href=\"https:\/\/www.klvcelle.de\/?page_id=1835\">19.07.2015 9. School\u00b4s out landesoffene Hindernisl\u00e4ufe in Nienhagen<\/a><br \/>\n<a href=\"https:\/\/www.klvcelle.de\/?page_id=1851\">03.10.2015 Herbstsportfest U16\/U14\/U12 in Celle<\/a><br \/>\n<a href=\"https:\/\/www.klvcelle.de\/?page_id=1870\">10.10.2015 Landesoffener Langstreckenl\u00e4uferabend mit KM und BM 10.000 m in Unterl\u00fc\u00df<\/a><br \/>\n<a href=\"https:\/\/www.klvcelle.de\/?page_id=1889\">31.12.2015 36. Silvesterlauf in Winsen Aller<\/a><\/p>\n","protected":false},"excerpt":{"rendered":"<p>31.01.2015 Cross am Schlo\u00df mit Kreismeisterschaften Cross-und Waldlauf 09.05.2015 Landesoffenes Laufmeeting mit KM in Unterl\u00fc\u00df 14.05.2015 6. Landesoffener Sprintcup und Stabhochsprungtag in Nienhagen 30.05.2015 Kreismeisterschaften Einzel U12\/U10 Otto-Schade-Sportanlage in Celle 14.06.2015 Kreismeisterschaften Jugend U16\/U14 in Nienhagen 14.06.2015 Bezirksmeisterschaften Jugend U16\/U14 &hellip; <a href=\"https:\/\/www.klvcelle.de\/?page_id=1482\">Continue reading <span class=\"meta-nav\">&rarr;<\/span><\/a><\/p>\n","protected":false},"author":1,"featured_media":0,"parent":0,"menu_order":0,"comment_status":"closed","ping_status":"closed","template":"","meta":{"ngg_post_thumbnail":0,"footnotes":""},"class_list":["post-1482","page","type-page","status-publish","hentry"],"_links":{"self":[{"href":"https:\/\/www.klvcelle.de\/index.php?rest_route=\/wp\/v2\/pages\/1482","targetHints":{"allow":["GET"]}}],"collection":[{"href":"https:\/\/www.klvcelle.de\/index.php?rest_route=\/wp\/v2\/pages"}],"about":[{"href":"https:\/\/www.klvcelle.de\/index.php?rest_route=\/wp\/v2\/types\/page"}],"author":[{"embeddable":true,"href":"https:\/\/www.klvcelle.de\/index.php?rest_route=\/wp\/v2\/users\/1"}],"replies":[{"embeddable":true,"href":"https:\/\/www.klvcelle.de\/index.php?rest_route=%2Fwp%2Fv2%2Fcomments&post=1482"}],"version-history":[{"count":13,"href":"https:\/\/www.klvcelle.de\/index.php?rest_route=\/wp\/v2\/pages\/1482\/revisions"}],"predecessor-version":[{"id":1892,"href":"https:\/\/www.klvcelle.de\/index.php?rest_route=\/wp\/v2\/pages\/1482\/revisions\/1892"}],"wp:attachment":[{"href":"https:\/\/www.klvcelle.de\/index.php?rest_route=%2Fwp%2Fv2%2Fmedia&parent=1482"}],"curies":[{"name":"wp","href":"https:\/\/api.w.org\/{rel}","templated":true}]}}