{"id":130,"date":"2013-07-30T12:20:42","date_gmt":"2013-07-30T12:20:42","guid":{"rendered":"http:\/\/cms.klvcelle.de\/?page_id=130"},"modified":"2013-12-19T15:26:25","modified_gmt":"2013-12-19T14:26:25","slug":"ergebnisse","status":"publish","type":"page","link":"https:\/\/www.klvcelle.de\/?page_id=130","title":{"rendered":"Veranstaltungsergebnisse 2013"},"content":{"rendered":"<p><a href=\"https:\/\/www.klvcelle.de\/?page_id=134\">27.01.2013 Kreismeisterschaften Cross- und Waldlauf in Gro\u00df Hehlen<\/a><\/p>\n<p><a href=\"https:\/\/www.klvcelle.de\/?page_id=144\">10.02.2013 Landesmeisterschaften Crosslauf in M\u00fcden\/\u00d6rtze<\/a><\/p>\n<p><a href=\"https:\/\/www.klvcelle.de\/?page_id=375\">09.05.2013 4. Landesoffener Sprintercup und Stabhochsprungtag in Nienhagen<\/a><\/p>\n<p><a href=\"https:\/\/www.klvcelle.de\/?page_id=377\">05.06.2013 Bezirksoffener Mittelstrecken-L\u00e4uferabend Unterl\u00fc\u00df<\/a><\/p>\n<p><a href=\"https:\/\/www.klvcelle.de\/?page_id=379\">15.06.2013 Kreismeisterschaften U16 in Celle Gesamtergebnisliste m\u00e4nnlich<\/a><\/p>\n<p><a href=\"https:\/\/www.klvcelle.de\/?page_id=381\">15.06.2013 Kreismeisterschaften U16 in Celle Gesamtergebnisliste weiblich<\/a><\/p>\n<p><a href=\"https:\/\/www.klvcelle.de\/?page_id=441\">19.06.2013 Langh\u00fcrden und Hindernistag in Nienhagen<\/a><\/p>\n<p><a href=\"https:\/\/www.klvcelle.de\/?page_id=443\">03.07.2013 Landesoffenes Abendsportfest Otto-Schade-Sportanlage in Celle<\/a><\/p>\n<p><a href=\"https:\/\/www.klvcelle.de\/?page_id=445\">10.08.2013 Landesoffenes Feriensportfest im F\u00fcnfkampf in Nienhagen<\/a><\/p>\n<p><a href=\"https:\/\/www.klvcelle.de\/?page_id=447\">10.08.2013 Landesoffenes Feriensportfest im F\u00fcnfkampf in Nienhagen BM Hannover<\/a><\/p>\n<p><a href=\"https:\/\/www.klvcelle.de\/?page_id=450\">17.08.2013 Kreismeisterschaften Mehrkampf U10 &#8211; U12 in Lachendorf<\/a><\/p>\n<p><a href=\"https:\/\/www.klvcelle.de\/?page_id=454\">30.08.2013 Kreismeisterschaften Langstrecke in Unterl\u00fc\u00df<\/a><\/p>\n<p><a href=\"https:\/\/www.klvcelle.de\/?page_id=456\">31.08.2013 Vergleichswettk\u00e4mpfe U16 der Norddeutschen Verb\u00e4nde in Celle<\/a><\/p>\n<p><a href=\"https:\/\/www.klvcelle.de\/?page_id=458\">28.09.2013 Landesoffenes Herbstsportfest Otto-Schade-Sportanlage in Celle<\/a><\/p>\n","protected":false},"excerpt":{"rendered":"<p>27.01.2013 Kreismeisterschaften Cross- und Waldlauf in Gro\u00df Hehlen 10.02.2013 Landesmeisterschaften Crosslauf in M\u00fcden\/\u00d6rtze 09.05.2013 4. Landesoffener Sprintercup und Stabhochsprungtag in Nienhagen 05.06.2013 Bezirksoffener Mittelstrecken-L\u00e4uferabend Unterl\u00fc\u00df 15.06.2013 Kreismeisterschaften U16 in Celle Gesamtergebnisliste m\u00e4nnlich 15.06.2013 Kreismeisterschaften U16 in Celle Gesamtergebnisliste weiblich 19.06.2013 &hellip; <a href=\"https:\/\/www.klvcelle.de\/?page_id=130\">Continue reading <span class=\"meta-nav\">&rarr;<\/span><\/a><\/p>\n","protected":false},"author":1,"featured_media":0,"parent":0,"menu_order":0,"comment_status":"closed","ping_status":"closed","template":"","meta":{"ngg_post_thumbnail":0,"footnotes":""},"class_list":["post-130","page","type-page","status-publish","hentry"],"_links":{"self":[{"href":"https:\/\/www.klvcelle.de\/index.php?rest_route=\/wp\/v2\/pages\/130","targetHints":{"allow":["GET"]}}],"collection":[{"href":"https:\/\/www.klvcelle.de\/index.php?rest_route=\/wp\/v2\/pages"}],"about":[{"href":"https:\/\/www.klvcelle.de\/index.php?rest_route=\/wp\/v2\/types\/page"}],"author":[{"embeddable":true,"href":"https:\/\/www.klvcelle.de\/index.php?rest_route=\/wp\/v2\/users\/1"}],"replies":[{"embeddable":true,"href":"https:\/\/www.klvcelle.de\/index.php?rest_route=%2Fwp%2Fv2%2Fcomments&post=130"}],"version-history":[{"count":0,"href":"https:\/\/www.klvcelle.de\/index.php?rest_route=\/wp\/v2\/pages\/130\/revisions"}],"wp:attachment":[{"href":"https:\/\/www.klvcelle.de\/index.php?rest_route=%2Fwp%2Fv2%2Fmedia&parent=130"}],"curies":[{"name":"wp","href":"https:\/\/api.w.org\/{rel}","templated":true}]}}