{"id":1237,"date":"2014-11-27T12:37:06","date_gmt":"2014-11-27T11:37:06","guid":{"rendered":"http:\/\/klv.kater-erich.de\/?page_id=1237"},"modified":"2015-06-23T09:09:48","modified_gmt":"2015-06-23T07:09:48","slug":"ausschreibungen-2015","status":"publish","type":"page","link":"https:\/\/www.klvcelle.de\/?page_id=1237","title":{"rendered":"Ausschreibungen 2015"},"content":{"rendered":"<p style=\"text-align: center;\"><strong>Ausschreibungen 2015<\/strong><\/p>\n<p><a href=\"https:\/\/www.klvcelle.de\/?page_id=1243\">10.01. KLV F\u00f6rdertraining Sprung in Bergen<\/a><br \/>\n<a href=\"https:\/\/www.klvcelle.de\/?page_id=1261\">31.01. Cross am Schloss mit KM in Celle<\/a><br \/>\n<a href=\"https:\/\/www.klvcelle.de\/?page_id=1247\">15.02. KLV F\u00f6rdertraining Lauf in Unterl\u00fc\u00df<\/a><br \/>\n<a href=\"https:\/\/www.klvcelle.de\/?page_id=1256\">21.02. KLV F\u00f6rdertraining Wurf in Bergen<\/a><br \/>\n<a href=\"https:\/\/www.klvcelle.de\/?page_id=1364\">21.02. \u201eFun and Athletics\u201c landesoffen in Nienhagen (Kinder unter 12 Jahren)<\/a><br \/>\n<a href=\"http:\/\/www.celler-wasa-lauf.de\">08.03. Celler Wasa-Lauf<\/a><br \/>\n<a href=\"https:\/\/www.klvcelle.de\/?page_id=1259\">22.03. KLV F\u00f6rdermehrkampf in Lachendorf<\/a><br \/>\n<a href=\"http:\/\/www.tusbergen.de\/abteilungen\/leichathletik\/sparkassenlauf\/\">25.04. Sparkassenlauf in Bergen<\/a><br \/>\n<a href=\"http:\/\/www.tus-hermannsburg.de\/index.php?option=com_content&amp;view=category&amp;layout=blog&amp;id=81&amp;Itemid=95\">03.05. S\u00fcdheidevolkslauf in Hermannsburg<\/a><br \/>\n<a href=\"https:\/\/www.klvcelle.de?page_id=1386\">09.05. Mittelstreckenabend mit KM in Unterl\u00fc\u00df<\/a><br \/>\n<a href=\"https:\/\/www.klvcelle.de\/?page_id=1369\">14.05. Stabhoch und Sprintcup mit KM in Nienhagen<\/a><br \/>\n<a href=\"https:\/\/www.klvcelle.de\/?page_id=1536\">30.05. Sch\u00fcler-Einzel U12\/U10 mit KM in Celle<\/a><br \/>\n<a href=\"https:\/\/www.klvcelle.de\/?page_id=1525\">14.06. Bez.-Meisterschaften U16\/U14 mit KM in Nienhagen<\/a><br \/>\n<a href=\"https:\/\/www.klvcelle.de\/?page_id=1727\">27.06. Sch\u00fcler-Mehrkampf mit KM in Lachendorf<\/a><br \/>\n<a href=\"https:\/\/www.klvcelle.de\">11.\/12.7. Landesmeisterschaften U20\/U16 in Celle (Anlage fehlt noch)<\/a><br \/>\n<a href=\"https:\/\/www.klvcelle.de\/?page_id=1579\">15.07. Bestenwettk\u00e4mpfe Celler Schulen<\/a><br \/>\n<a href=\"https:\/\/www.klvcelle.de\/?page_id=1371\">19.07. 600m Sch\u00fcler-Hindernis in Nienhagen<\/a><br \/>\n<a href=\"https:\/\/www.klvcelle.de\/?page_id=1539\">19.08. Abendsportfest M\u00e4\/Fr\/U18 mit KM in Celle<\/a><br \/>\n<a href=\"https:\/\/www.klvcelle.de\/?page_id=1583\">19.09. Kreisvergleich Heide in Schneverdingen<\/a><br \/>\n<a href=\"https:\/\/www.klvcelle.de\/?page_id=1542\">03.10. Herbstsportfest U16\/U14\/U12 in Celle<\/a><br \/>\n<a href=\"https:\/\/www.klvcelle.de?page_id=1388\">10.10. L\u00e4uferabend mit BM+KM in Unterl\u00fc\u00df<\/a><br \/>\n<a href=\"http:\/\/www.mtv-fichte.de\/index.php?id=2&amp;no_cache=1\">31.12. Silvesterlauf in Winsen\/Aller<\/a><\/p>\n","protected":false},"excerpt":{"rendered":"<p>Ausschreibungen 2015 10.01. KLV F\u00f6rdertraining Sprung in Bergen 31.01. Cross am Schloss mit KM in Celle 15.02. KLV F\u00f6rdertraining Lauf in Unterl\u00fc\u00df 21.02. KLV F\u00f6rdertraining Wurf in Bergen 21.02. \u201eFun and Athletics\u201c landesoffen in Nienhagen (Kinder unter 12 Jahren) 08.03. &hellip; <a href=\"https:\/\/www.klvcelle.de\/?page_id=1237\">Continue reading <span class=\"meta-nav\">&rarr;<\/span><\/a><\/p>\n","protected":false},"author":1,"featured_media":0,"parent":0,"menu_order":0,"comment_status":"closed","ping_status":"closed","template":"","meta":{"ngg_post_thumbnail":0,"footnotes":""},"class_list":["post-1237","page","type-page","status-publish","hentry"],"_links":{"self":[{"href":"https:\/\/www.klvcelle.de\/index.php?rest_route=\/wp\/v2\/pages\/1237","targetHints":{"allow":["GET"]}}],"collection":[{"href":"https:\/\/www.klvcelle.de\/index.php?rest_route=\/wp\/v2\/pages"}],"about":[{"href":"https:\/\/www.klvcelle.de\/index.php?rest_route=\/wp\/v2\/types\/page"}],"author":[{"embeddable":true,"href":"https:\/\/www.klvcelle.de\/index.php?rest_route=\/wp\/v2\/users\/1"}],"replies":[{"embeddable":true,"href":"https:\/\/www.klvcelle.de\/index.php?rest_route=%2Fwp%2Fv2%2Fcomments&post=1237"}],"version-history":[{"count":3,"href":"https:\/\/www.klvcelle.de\/index.php?rest_route=\/wp\/v2\/pages\/1237\/revisions"}],"predecessor-version":[{"id":1750,"href":"https:\/\/www.klvcelle.de\/index.php?rest_route=\/wp\/v2\/pages\/1237\/revisions\/1750"}],"wp:attachment":[{"href":"https:\/\/www.klvcelle.de\/index.php?rest_route=%2Fwp%2Fv2%2Fmedia&parent=1237"}],"curies":[{"name":"wp","href":"https:\/\/api.w.org\/{rel}","templated":true}]}}