{"id":121,"date":"2013-07-30T11:56:07","date_gmt":"2013-07-30T11:56:07","guid":{"rendered":"http:\/\/cms.klvcelle.de\/?page_id=121"},"modified":"2018-05-15T09:29:06","modified_gmt":"2018-05-15T07:29:06","slug":"vereine","status":"publish","type":"page","link":"https:\/\/www.klvcelle.de\/?page_id=121","title":{"rendered":"Mitglieder\/Leichtathletik- gemeinschaften"},"content":{"rendered":"<p style=\"text-align: center;\">Mitgliedsvereine KLV Celle e.V.<br \/>\nStand: 15.5.2018<\/p>\n<p style=\"text-align: left;\"><a href=\"https:\/\/www.klvcelle.de\/?page_id=258\">SV Altencelle<\/a><\/p>\n<p style=\"text-align: left;\"><a href=\"https:\/\/www.klvcelle.de\/?page_id=271\">VfL Altenhagen<\/a><\/p>\n<p style=\"text-align: left;\"><a href=\"https:\/\/www.klvcelle.de\/?page_id=392\">TuS Bergen<\/a><\/p>\n<p style=\"text-align: left;\"><a href=\"https:\/\/www.klvcelle.de\/?page_id=397\">MTV Eintracht Celle<\/a><\/p>\n<p style=\"text-align: left;\"><a href=\"https:\/\/www.klvcelle.de\/?page_id=403\">TuS Celle 92<\/a><\/p>\n<p style=\"text-align: left;\"><a href=\"https:\/\/www.klvcelle.de\/?page_id=405\">ASV Fa\u00dfberg<\/a><\/p>\n<p style=\"text-align: left;\"><a href=\"https:\/\/www.klvcelle.de\/?page_id=408\">TuS Hermannsburg<\/a><\/p>\n<p style=\"text-align: left;\"><a href=\"https:\/\/www.klvcelle.de\/?page_id=410\">TuS Lachendorf<\/a><\/p>\n<p style=\"text-align: left;\"><a href=\"https:\/\/www.klvcelle.de\/?page_id=412\">MTV M\u00fcden\/\u00d6rtze<\/a><\/p>\n<p style=\"text-align: left;\"><a href=\"https:\/\/www.klvcelle.de\/?page_id=414\">SV Nienhagen<\/a><\/p>\n<p style=\"text-align: left;\"><a href=\"https:\/\/www.klvcelle.de\/?page_id=416\">TuS Unterl\u00fc\u00df<\/a><\/p>\n<p style=\"text-align: left;\"><a href=\"https:\/\/www.klvcelle.de\/?page_id=418\">VFL Westercelle<\/a><\/p>\n<p style=\"text-align: left;\"><a href=\"https:\/\/www.klvcelle.de\/?page_id=420\">MTV &#8220;Fichte&#8221; Winsen<\/a><\/p>\n<p style=\"text-align: left;\"><a href=\"https:\/\/www.klvcelle.de\/?page_id=422\">MTV Oldendorf<\/a><\/p>\n<p style=\"text-align: left;\"><a href=\"https:\/\/www.klvcelle.de\/?page_id=424\">MTV Beedenbostel<\/a><\/p>\n<p style=\"text-align: left;\"><a href=\"https:\/\/www.klvcelle.de\/?page_id=426\">MTV Langlingen<\/a><\/p>\n<p style=\"text-align: center;\">Leichtathletik-Gemeinschaften KLV Celle e.V.<br \/>\nStand: 2013<\/p>\n<p style=\"text-align: left;\"><a href=\"https:\/\/www.klvcelle.de\/?page_id=681\">LG Celle-Land<\/a><\/p>\n<p style=\"text-align: left;\"><a href=\"https:\/\/www.klvcelle.de\/?page_id=686\">LAZ Celle<\/a><\/p>\n<p style=\"text-align: left;\"><a href=\"https:\/\/www.klvcelle.de\/?page_id=683\">LG Unterl\u00fc\u00dfFa\u00dfbergOldendorf<\/a><\/p>\n","protected":false},"excerpt":{"rendered":"<p>Mitgliedsvereine KLV Celle e.V. Stand: 15.5.2018 SV Altencelle VfL Altenhagen TuS Bergen MTV Eintracht Celle TuS Celle 92 ASV Fa\u00dfberg TuS Hermannsburg TuS Lachendorf MTV M\u00fcden\/\u00d6rtze SV Nienhagen TuS Unterl\u00fc\u00df VFL Westercelle MTV &#8220;Fichte&#8221; Winsen MTV Oldendorf MTV Beedenbostel MTV &hellip; <a href=\"https:\/\/www.klvcelle.de\/?page_id=121\">Continue reading <span class=\"meta-nav\">&rarr;<\/span><\/a><\/p>\n","protected":false},"author":1,"featured_media":0,"parent":0,"menu_order":0,"comment_status":"closed","ping_status":"closed","template":"","meta":{"ngg_post_thumbnail":0,"footnotes":""},"class_list":["post-121","page","type-page","status-publish","hentry"],"_links":{"self":[{"href":"https:\/\/www.klvcelle.de\/index.php?rest_route=\/wp\/v2\/pages\/121","targetHints":{"allow":["GET"]}}],"collection":[{"href":"https:\/\/www.klvcelle.de\/index.php?rest_route=\/wp\/v2\/pages"}],"about":[{"href":"https:\/\/www.klvcelle.de\/index.php?rest_route=\/wp\/v2\/types\/page"}],"author":[{"embeddable":true,"href":"https:\/\/www.klvcelle.de\/index.php?rest_route=\/wp\/v2\/users\/1"}],"replies":[{"embeddable":true,"href":"https:\/\/www.klvcelle.de\/index.php?rest_route=%2Fwp%2Fv2%2Fcomments&post=121"}],"version-history":[{"count":1,"href":"https:\/\/www.klvcelle.de\/index.php?rest_route=\/wp\/v2\/pages\/121\/revisions"}],"predecessor-version":[{"id":2315,"href":"https:\/\/www.klvcelle.de\/index.php?rest_route=\/wp\/v2\/pages\/121\/revisions\/2315"}],"wp:attachment":[{"href":"https:\/\/www.klvcelle.de\/index.php?rest_route=%2Fwp%2Fv2%2Fmedia&parent=121"}],"curies":[{"name":"wp","href":"https:\/\/api.w.org\/{rel}","templated":true}]}}